{"id":59,"date":"2021-05-12T02:36:53","date_gmt":"2021-05-12T02:36:53","guid":{"rendered":"https:\/\/katarzynakierzekkoperska.pl\/?page_id=59"},"modified":"2026-04-06T20:50:26","modified_gmt":"2026-04-06T20:50:26","slug":"home","status":"publish","type":"page","link":"https:\/\/katarzynakierzekkoperska.pl\/?page_id=59","title":{"rendered":""},"content":{"rendered":"<style>\/*! elementor - v3.18.0 - 08-12-2023 *\/\n.elementor-heading-title{padding:0;margin:0;line-height:1}.elementor-widget-heading .elementor-heading-title[class*=elementor-size-]>a{color:inherit;font-size:inherit;line-height:inherit}.elementor-widget-heading .elementor-heading-title.elementor-size-small{font-size:15px}.elementor-widget-heading .elementor-heading-title.elementor-size-medium{font-size:19px}.elementor-widget-heading .elementor-heading-title.elementor-size-large{font-size:29px}.elementor-widget-heading .elementor-heading-title.elementor-size-xl{font-size:39px}.elementor-widget-heading .elementor-heading-title.elementor-size-xxl{font-size:59px}<\/style>\n<h2>Katarzyna <br \/>Kierzek Koperska<\/h2>\n<style>\/*! elementor - v3.18.0 - 08-12-2023 *\/\n.elementor-image-gallery .gallery-item{display:inline-block;text-align:center;vertical-align:top;width:100%;max-width:100%;margin:0 auto}.elementor-image-gallery .gallery-item img{margin:0 auto}.elementor-image-gallery .gallery-item .gallery-caption{margin:0}.elementor-image-gallery figure img{display:block}.elementor-image-gallery figure figcaption{width:100%}.gallery-spacing-custom .elementor-image-gallery .gallery-icon{padding:0}@media (min-width:768px){.elementor-image-gallery .gallery-columns-2 .gallery-item{max-width:50%}.elementor-image-gallery .gallery-columns-3 .gallery-item{max-width:33.33%}.elementor-image-gallery .gallery-columns-4 .gallery-item{max-width:25%}.elementor-image-gallery .gallery-columns-5 .gallery-item{max-width:20%}.elementor-image-gallery .gallery-columns-6 .gallery-item{max-width:16.666%}.elementor-image-gallery .gallery-columns-7 .gallery-item{max-width:14.28%}.elementor-image-gallery .gallery-columns-8 .gallery-item{max-width:12.5%}.elementor-image-gallery .gallery-columns-9 .gallery-item{max-width:11.11%}.elementor-image-gallery .gallery-columns-10 .gallery-item{max-width:10%}}@media (min-width:480px) and (max-width:767px){.elementor-image-gallery .gallery.gallery-columns-2 .gallery-item,.elementor-image-gallery .gallery.gallery-columns-3 .gallery-item,.elementor-image-gallery .gallery.gallery-columns-4 .gallery-item,.elementor-image-gallery .gallery.gallery-columns-5 .gallery-item,.elementor-image-gallery .gallery.gallery-columns-6 .gallery-item,.elementor-image-gallery .gallery.gallery-columns-7 .gallery-item,.elementor-image-gallery .gallery.gallery-columns-8 .gallery-item,.elementor-image-gallery .gallery.gallery-columns-9 .gallery-item,.elementor-image-gallery .gallery.gallery-columns-10 .gallery-item{max-width:50%}}@media (max-width:479px){.elementor-image-gallery .gallery.gallery-columns-2 .gallery-item,.elementor-image-gallery .gallery.gallery-columns-3 .gallery-item,.elementor-image-gallery .gallery.gallery-columns-4 .gallery-item,.elementor-image-gallery .gallery.gallery-columns-5 .gallery-item,.elementor-image-gallery .gallery.gallery-columns-6 .gallery-item,.elementor-image-gallery .gallery.gallery-columns-7 .gallery-item,.elementor-image-gallery .gallery.gallery-columns-8 .gallery-item,.elementor-image-gallery .gallery.gallery-columns-9 .gallery-item,.elementor-image-gallery .gallery.gallery-columns-10 .gallery-item{max-width:100%}}<\/style>\n<figure class='gallery-item'>\n\t\t\t\t<a data-elementor-open-lightbox=\"yes\" data-elementor-lightbox-slideshow=\"a97f072\" data-elementor-lightbox-title=\"IMG-20230821-WA0027\" data-e-action-hash=\"#elementor-action%3Aaction%3Dlightbox%26settings%3DeyJpZCI6NTQzLCJ1cmwiOiJodHRwczpcL1wva2F0YXJ6eW5ha2llcnpla2tvcGVyc2thLnBsXC93cC1jb250ZW50XC91cGxvYWRzXC8yMDIzXC8wOVwvSU1HLTIwMjMwODIxLVdBMDAyNy5qcGciLCJzbGlkZXNob3ciOiJhOTdmMDcyIn0%3D\" href='https:\/\/katarzynakierzekkoperska.pl\/wp-content\/uploads\/2023\/09\/IMG-20230821-WA0027.jpg'><img fetchpriority=\"high\" width=\"1563\" height=\"1563\" src=\"https:\/\/katarzynakierzekkoperska.pl\/wp-content\/uploads\/2023\/09\/IMG-20230821-WA0027.jpg\" alt=\"\" decoding=\"async\" srcset=\"https:\/\/katarzynakierzekkoperska.pl\/wp-content\/uploads\/2023\/09\/IMG-20230821-WA0027.jpg 1563w, https:\/\/katarzynakierzekkoperska.pl\/wp-content\/uploads\/2023\/09\/IMG-20230821-WA0027-300x300.jpg 300w, https:\/\/katarzynakierzekkoperska.pl\/wp-content\/uploads\/2023\/09\/IMG-20230821-WA0027-1024x1024.jpg 1024w, https:\/\/katarzynakierzekkoperska.pl\/wp-content\/uploads\/2023\/09\/IMG-20230821-WA0027-150x150.jpg 150w, https:\/\/katarzynakierzekkoperska.pl\/wp-content\/uploads\/2023\/09\/IMG-20230821-WA0027-768x768.jpg 768w, https:\/\/katarzynakierzekkoperska.pl\/wp-content\/uploads\/2023\/09\/IMG-20230821-WA0027-1536x1536.jpg 1536w\" sizes=\"(max-width: 1563px) 100vw, 1563px\" \/><\/a><br \/>\n\t\t\t<\/figure>\n<figure class='gallery-item'>\n\t\t\t\t<a data-elementor-open-lightbox=\"yes\" data-elementor-lightbox-slideshow=\"a97f072\" data-elementor-lightbox-title=\"_MG_6013-2\" data-e-action-hash=\"#elementor-action%3Aaction%3Dlightbox%26settings%3DeyJpZCI6NTM3LCJ1cmwiOiJodHRwczpcL1wva2F0YXJ6eW5ha2llcnpla2tvcGVyc2thLnBsXC93cC1jb250ZW50XC91cGxvYWRzXC8yMDIzXC8wOVwvTUdfNjAxMy0yLWUxNjkzNzYwMTQ3OTQwLmpwZyIsInNsaWRlc2hvdyI6ImE5N2YwNzIifQ%3D%3D\" href='https:\/\/katarzynakierzekkoperska.pl\/wp-content\/uploads\/2023\/09\/MG_6013-2-e1693760147940.jpg'><img width=\"1201\" height=\"1133\" src=\"https:\/\/katarzynakierzekkoperska.pl\/wp-content\/uploads\/2023\/09\/MG_6013-2-e1693760147940.jpg\" alt=\"\" decoding=\"async\" srcset=\"https:\/\/katarzynakierzekkoperska.pl\/wp-content\/uploads\/2023\/09\/MG_6013-2-e1693760147940.jpg 1201w, https:\/\/katarzynakierzekkoperska.pl\/wp-content\/uploads\/2023\/09\/MG_6013-2-e1693760147940-300x283.jpg 300w, https:\/\/katarzynakierzekkoperska.pl\/wp-content\/uploads\/2023\/09\/MG_6013-2-e1693760147940-1024x966.jpg 1024w, https:\/\/katarzynakierzekkoperska.pl\/wp-content\/uploads\/2023\/09\/MG_6013-2-e1693760147940-768x725.jpg 768w\" sizes=\"(max-width: 1201px) 100vw, 1201px\" \/><\/a><br \/>\n\t\t\t<\/figure>\n<style>\/*! elementor - v3.18.0 - 08-12-2023 *\/\n.elementor-widget-divider{--divider-border-style:none;--divider-border-width:1px;--divider-color:#0c0d0e;--divider-icon-size:20px;--divider-element-spacing:10px;--divider-pattern-height:24px;--divider-pattern-size:20px;--divider-pattern-url:none;--divider-pattern-repeat:repeat-x}.elementor-widget-divider .elementor-divider{display:flex}.elementor-widget-divider .elementor-divider__text{font-size:15px;line-height:1;max-width:95%}.elementor-widget-divider .elementor-divider__element{margin:0 var(--divider-element-spacing);flex-shrink:0}.elementor-widget-divider .elementor-icon{font-size:var(--divider-icon-size)}.elementor-widget-divider .elementor-divider-separator{display:flex;margin:0;direction:ltr}.elementor-widget-divider--view-line_icon .elementor-divider-separator,.elementor-widget-divider--view-line_text .elementor-divider-separator{align-items:center}.elementor-widget-divider--view-line_icon .elementor-divider-separator:after,.elementor-widget-divider--view-line_icon .elementor-divider-separator:before,.elementor-widget-divider--view-line_text .elementor-divider-separator:after,.elementor-widget-divider--view-line_text .elementor-divider-separator:before{display:block;content:\"\";border-bottom:0;flex-grow:1;border-top:var(--divider-border-width) var(--divider-border-style) var(--divider-color)}.elementor-widget-divider--element-align-left .elementor-divider .elementor-divider-separator>.elementor-divider__svg:first-of-type{flex-grow:0;flex-shrink:100}.elementor-widget-divider--element-align-left .elementor-divider-separator:before{content:none}.elementor-widget-divider--element-align-left .elementor-divider__element{margin-left:0}.elementor-widget-divider--element-align-right .elementor-divider .elementor-divider-separator>.elementor-divider__svg:last-of-type{flex-grow:0;flex-shrink:100}.elementor-widget-divider--element-align-right .elementor-divider-separator:after{content:none}.elementor-widget-divider--element-align-right .elementor-divider__element{margin-right:0}.elementor-widget-divider:not(.elementor-widget-divider--view-line_text):not(.elementor-widget-divider--view-line_icon) .elementor-divider-separator{border-top:var(--divider-border-width) var(--divider-border-style) var(--divider-color)}.elementor-widget-divider--separator-type-pattern{--divider-border-style:none}.elementor-widget-divider--separator-type-pattern.elementor-widget-divider--view-line .elementor-divider-separator,.elementor-widget-divider--separator-type-pattern:not(.elementor-widget-divider--view-line) .elementor-divider-separator:after,.elementor-widget-divider--separator-type-pattern:not(.elementor-widget-divider--view-line) .elementor-divider-separator:before,.elementor-widget-divider--separator-type-pattern:not([class*=elementor-widget-divider--view]) .elementor-divider-separator{width:100%;min-height:var(--divider-pattern-height);-webkit-mask-size:var(--divider-pattern-size) 100%;mask-size:var(--divider-pattern-size) 100%;-webkit-mask-repeat:var(--divider-pattern-repeat);mask-repeat:var(--divider-pattern-repeat);background-color:var(--divider-color);-webkit-mask-image:var(--divider-pattern-url);mask-image:var(--divider-pattern-url)}.elementor-widget-divider--no-spacing{--divider-pattern-size:auto}.elementor-widget-divider--bg-round{--divider-pattern-repeat:round}.rtl .elementor-widget-divider .elementor-divider__text{direction:rtl}.e-con-inner>.elementor-widget-divider,.e-con>.elementor-widget-divider{width:var(--container-widget-width,100%);--flex-grow:var(--container-widget-flex-grow)}<\/style>\n<p>Witaj w \u015bwiecie, gdzie entuzjazm, zaanga\u017cowanie <br \/>i determinacja prowadz\u0105 nas ku pozytywnym zmianom. <br \/>Pozw\u00f3l mi opowiedzie\u0107 Ci o sobie \u2013 Katarzynie Kierzek Koperskiej \u2013 kandydatce, fance Queen, poznaniance z wyboru oraz mi\u0142o\u015bniczce filmu <br \/>&#8222;Dobry Rok&#8221;.<\/p>\n<p>By\u0142am r\u00f3wnie\u017c wiceprezydentk\u0105 Poznania, co tylko utwierdzi\u0142o mnie w przekonaniu, \u017ce wsp\u00f3lnie mo\u017cemy osi\u0105gn\u0105\u0107 wiele. <br \/>Wbrew tym co w\u0105tpi\u0105.<\/p>\n<h2>Zaanga\u017cuj si\u0119, zmieniajmy \u015bwiat razem!<\/h2>\n<h2>O mnie<\/h2>\n<style>\/*! elementor - v3.18.0 - 08-12-2023 *\/\n.elementor-testimonial-wrapper{overflow:hidden;text-align:center}.elementor-testimonial-wrapper .elementor-testimonial-content{font-size:1.3em;margin-bottom:20px}.elementor-testimonial-wrapper .elementor-testimonial-name{line-height:1.5;display:block}.elementor-testimonial-wrapper .elementor-testimonial-job{font-size:.85em;display:block}.elementor-testimonial-wrapper .elementor-testimonial-meta{width:100%;line-height:1}.elementor-testimonial-wrapper .elementor-testimonial-meta-inner{display:inline-block}.elementor-testimonial-wrapper .elementor-testimonial-meta .elementor-testimonial-details,.elementor-testimonial-wrapper .elementor-testimonial-meta .elementor-testimonial-image{display:table-cell;vertical-align:middle}.elementor-testimonial-wrapper .elementor-testimonial-meta .elementor-testimonial-image img{width:60px;height:60px;border-radius:50%;-o-object-fit:cover;object-fit:cover;max-width:none}.elementor-testimonial-wrapper .elementor-testimonial-meta.elementor-testimonial-image-position-aside .elementor-testimonial-image{padding-right:15px}.elementor-testimonial-wrapper .elementor-testimonial-meta.elementor-testimonial-image-position-aside .elementor-testimonial-details{text-align:left}.elementor-testimonial-wrapper .elementor-testimonial-meta.elementor-testimonial-image-position-top .elementor-testimonial-details,.elementor-testimonial-wrapper .elementor-testimonial-meta.elementor-testimonial-image-position-top .elementor-testimonial-image{display:block}.elementor-testimonial-wrapper .elementor-testimonial-meta.elementor-testimonial-image-position-top .elementor-testimonial-image{margin-bottom:20px}<\/style>\n<p>\t\t\t\t\t\t\tJako fanka Queen, czerpi\u0119 inspiracj\u0119 z niez\u0142omnej determinacji, z jak\u0105 Freddie Mercury i jego zesp\u00f3\u0142 tworzyli wyj\u0105tkow\u0105 muzyk\u0119. Wierz\u0119, \u017ce tak samo mo\u017cemy kreowa\u0107 zmiany w spo\u0142ecze\u0144stwie. M\u00f3j ulubiony film to Dobry rok z Russelem Crowe \u2013 wierz\u0119, \u017ce mamy moc odmiany swojego \u017cycia i otoczenia, dzia\u0142aj\u0105c w zgodzie z warto\u015bciami i wiar\u0105 w dobro. Bo przecie\u017c ka\u017cdy chce by\u0107 najlepsz\u0105 wersj\u0105 siebie<br \/>\n\t\t\t\t\t\t\t\t\t\t\t\t\t\tPrzygoda z Muzyk\u0105 i Filmem<br \/>\n\t\t\t\t\t\t\tJestem Poznaniank\u0105 z wyboru, zakochan\u0105 w naszym pi\u0119knym mie\u015bcie i zainspirowan\u0105 lud\u017ami, kt\u00f3rzy tutaj tworz\u0105 przysz\u0142o\u015b\u0107. By\u0142am wiceprezydentk\u0105 Poznania, co umocni\u0142o mnie w przekonaniu, \u017ce warto dzia\u0142a\u0107 lokalnie, aby zmienia\u0107 globalnie. Wiem, \u017ce wsp\u00f3lnie mo\u017cemy osi\u0105gn\u0105\u0107 wi\u0119cej. Dlatego anga\u017cuj\u0119 si\u0119 w dzia\u0142ania dla dobra naszej spo\u0142eczno\u015bci i dla ochrony naszego \u015brodowiska.<br \/>\n\t\t\t\t\t\t\t\t\t\t\t\t\t\tG\u0142osy, kt\u00f3re Przenosz\u0105 Warto\u015bci<br \/>\n\t\t\t\t\t\t\tWalka o klimat jest naszym wsp\u00f3lnym celem. Dzia\u0142am na rzecz ekologicznego stylu \u017cycia, promuj\u0105c recykling, transformacj\u0119 energetyczn\u0105 i cele zr\u00f3wnowa\u017conego rozwoju. Ale to nie wszystko. Walcz\u0119 r\u00f3wnie\u017c o prawa zwierz\u0105t i o prawa kobiet. Wierz\u0119, \u017ce kobiety maj\u0105 moc przekszta\u0142cania \u015bwiata na lepsze i d\u0105\u017c\u0119 do tego, by ich g\u0142os by\u0142 silny i wyra\u017anie s\u0142yszalny w parlamentarnych debatach.<br \/>\n\t\t\t\t\t\t\t\t\t\t\t\t\t\t Zmiana dla Klimatu i Praw Kobiet<br \/>\n\t\t\t\t\t\t\tWsp\u00f3lnie mo\u017cemy osi\u0105gn\u0105\u0107 wiele. Grupa daje nam si\u0142\u0119, wsparcie i nowe relacje. Chc\u0119, by\u015bmy dzia\u0142aj\u0105c razem, tworzyli zmiany, na kt\u00f3re b\u0119dziecie mogli by\u0107 dumni. Mamy szans\u0119 budowa\u0107 przysz\u0142o\u015b\u0107, kt\u00f3ra b\u0119dzie bardziej ekologiczna, sprawiedliwa i pe\u0142na mo\u017cliwo\u015bci.<br \/>\n\t\t\t\t\t\t\t\t\t\t\t\t\t\tTworzymy Razem Lepsz\u0105 Przysz\u0142o\u015b\u0107<br \/>\n\t\t\t\t\t\t\tOpr\u00f3cz mojego zaanga\u017cowania w sprawy spo\u0142eczne, mam r\u00f3wnie\u017c swoje przyziemne upodobania. Lubi\u0119 kr\u00f3wki &#8211; te s\u0142odkie, karmelowe smako\u0142yki przypominaj\u0105 mi o tym, \u017ce w codziennych przyjemno\u015bciach tkwi szcz\u0119\u015bcie. Nimi \u017cegna\u0142am si\u0119 z pracownikami urz\u0119du. Lubi\u0119 r\u00f3wnie\u017c ludzi, ich r\u00f3\u017cnorodno\u015b\u0107, historie i aspiracje. To w\u0142a\u015bnie nasz daje nam moc do tworzenia lepszego \u015bwiata.<br \/>\n\t\t\t\t\t\t\t\t\t\t\t\t\t\t Kr\u00f3wki i Ludzie<br \/>\n\t\t\t\t\t\t\tM\u00f3j aktywizm to nie tylko has\u0142a \u2013 to konkretne dzia\u0142ania. Jestem cz\u0142onkini\u0105 Platformy Obywatelskiej, wspieram dzia\u0142ania Alliance Of Her oraz Ekologicznej Akademii Kobiet. Jako Ambasadorka Paktu Klimatycznego, reprezentuj\u0119 nasze warto\u015bci w kontaktach z Komisj\u0105 Europejsk\u0105. Wsp\u00f3\u0142pracuj\u0119 r\u00f3wnie\u017c z Fundacj\u0105 Obywatelska Wielkopolska i jestem za\u0142o\u017cycielk\u0105 Fundacji EkoPOzytywni.<br \/>\n\t\t\t\t\t\t\t\t\t\t\t\t\t\tAktywizm w Dzia\u0142aniu<br \/>\n\t\t\t\t\t\t\tOdwaga, motywacja i aktywno\u015b\u0107 \u2013 to trzy cechy, kt\u00f3re mnie nap\u0119dzaj\u0105. Bez odwagi, nie osi\u0105gniemy zmian. Bez motywacji, nie b\u0119dziemy mieli jasno wyznaczonego celu. Bez aktywno\u015bci, nasza wizja pozostanie jedynie w sferze marze\u0144. Dlatego zach\u0119cam Ci\u0119, by\u015bmy razem byli odwa\u017cni, zmotywowani i aktywni, bo tylko wsp\u00f3lnymi si\u0142ami przekszta\u0142cimy \u015bwiat.<br \/>\n\t\t\t\t\t\t\t\t\t\t\t\t\t\tTrzy Cechy Dobrego Aktywizmu<br \/>\n\t\t\t\t\t\t\tDlatego zach\u0119cam Ci\u0119 do poparcia mojej kandydatury. Razem stworzymy parlamentarny zesp\u00f3\u0142, kt\u00f3ry b\u0119dzie aktywnie dzia\u0142a\u0142 na rzecz zmian klimatycznych, praw kobiet, ochrony \u015brodowiska i sprawiedliwo\u015bci spo\u0142ecznej. Dajmy sobie szans\u0119 na lepsz\u0105 przysz\u0142o\u015b\u0107!<br \/>\n\t\t\t\t\t\t\t\t\t\t\t\t\t\tG\u0142osuj na Lepsz\u0105 Przysz\u0142o\u015b\u0107<\/p>\n<style>\/*! elementor - v3.18.0 - 08-12-2023 *\/\n.elementor-column .elementor-spacer-inner{height:var(--spacer-size)}.e-con{--container-widget-width:100%}.e-con-inner>.elementor-widget-spacer,.e-con>.elementor-widget-spacer{width:var(--container-widget-width,var(--spacer-size));--align-self:var(--container-widget-align-self,initial);--flex-shrink:0}.e-con-inner>.elementor-widget-spacer>.elementor-widget-container,.e-con>.elementor-widget-spacer>.elementor-widget-container{height:100%;width:100%}.e-con-inner>.elementor-widget-spacer>.elementor-widget-container>.elementor-spacer,.e-con>.elementor-widget-spacer>.elementor-widget-container>.elementor-spacer{height:100%}.e-con-inner>.elementor-widget-spacer>.elementor-widget-container>.elementor-spacer>.elementor-spacer-inner,.e-con>.elementor-widget-spacer>.elementor-widget-container>.elementor-spacer>.elementor-spacer-inner{height:var(--container-widget-height,var(--spacer-size))}.e-con-inner>.elementor-widget-spacer.elementor-widget-empty,.e-con>.elementor-widget-spacer.elementor-widget-empty{position:relative;min-height:22px;min-width:22px}.e-con-inner>.elementor-widget-spacer.elementor-widget-empty .elementor-widget-empty-icon,.e-con>.elementor-widget-spacer.elementor-widget-empty .elementor-widget-empty-icon{position:absolute;top:0;bottom:0;left:0;right:0;margin:auto;padding:0;width:22px;height:22px}<\/style>\n<h2>Moje do\u015bwiadczenie zawodowe<\/h2>\n<h3>DO\u015aWIADCZENIE ZAWODOWE<\/h3>\n<p>doradczyni podatkowa, przedsi\u0119biorczyni, ekonomistka, polityczka,<\/p>\n<p>zast\u0119pczyni Prezydenta Miasta Poznania w latach 2018-2020, odpowiedzialna min. za ochron\u0119 \u015brodowiska i ziele\u0144 w mie\u015bcie, wsparcie ma\u0142ych i \u015brednich przedsi\u0119biorstw oraz wsp\u00f3\u0142prac\u0119 mi\u0119dzynarodow\u0105,<\/p>\n<p>wiceprezeska Wielkopolskiego Funduszu Rozwoju sp. z o.o.<\/p>\n<p>\u00a0<\/p>\n<h3>DZIA\u0141ALNO\u015a\u0106 SPO\u0141ECZNA<\/h3>\n<p>ekolo\u017cka, dzia\u0142aczka na rzecz praw zwierz\u0105t i zmian klimatu,<\/p>\n<p>panelistka Kongresu Kobiet, dzia\u0142aczka na rzecz rozwoju zawodowego kobiet dost\u0119pu wi\u0119kszej grupy kobiet do eksponowanych stanowisk w biznesie, polityce i dzia\u0142alno\u015bci spo\u0142ecznej, zapobiegaj\u0105c wykluczeniom i dyskryminacji,<\/p>\n<p>dzia\u0142aczka na rzecz zr\u00f3wnowa\u017conego rozwoju z uwzgl\u0119dnieniem 17 cel\u00f3w zr\u00f3wnowa\u017conego rozwoju ONZ,<\/p>\n<p>uczestniczka wielu paneli dyskusyjnych na krajowych forach i konferencjach min. Smart City Forum, Europejskiego Kongresu Samorz\u0105dowego.<\/p>\n<h3>CZ\u0141ONKOSTWA<\/h3>\n<p>Ambasadorka Paktu Klimatycznego przy Komisje Europejskiej,<\/p>\n<p>cz\u0142onkini Wielkopolskiej Platformy Wodorowej,<\/p>\n<p>wiceprzewodnicz\u0105ca Wielkopolskiego Oddzia\u0142u Krajowej Izby Doradc\u00f3w Podatkowych w latach\u00a0 2008\u20132011<\/p>\n<p>uczestniczka Ekologicznej Akademii Kobiet, edycja III, program realizowany przez Fundacj\u0119 Rzecz Spo\u0142eczna we wsp\u00f3\u0142pracy z Fundacj\u0105 im. Heinricha B\u00f6lla w Warszawie.<\/p>\n<p>cz\u0142onkini Klubu Kobiet Przedsi\u0119biorczych,<\/p>\n<p>absolwentka Akademii M\u0142odych Dyplomat\u00f3w na kierunku Organizacje Mi\u0119dzynarodowe, w European Academy of Diplomacy,<\/p>\n<p>absolwentka European Women\u2019s Academy realizowanej przez ALDE Party, obecnie programu Aliance of Her,<\/p>\n<p>laureatka nagrody dla absolwenta roku 2021r EAD, nagroda dla absolwenta kt\u00f3ry nie tylko realizuje sukcesy zawodowe, ale tak\u017ce reprezentuje warto\u015bci bliskie EAD: szacunek i dialog, odpowiedzialno\u015b\u0107 obywatelsk\u0105 i zaanga\u017cowanie spo\u0142eczne.<\/p>\n<h3>DZIA\u0141ALNO\u015a\u0106 POLITYCZNA<br \/>\n<\/h3>\n<p>kandydatka na senatora RP w 2015 r. z okr\u0119gu 90 i kandydatka na radn\u0105 Poznania w 2018 r.<\/p>\n<p>kandydatka do Rady Miasta Poznania w 2018r<\/p>\n<p>cz\u0142onkini Zarz\u0105du PO Pozna\u0144.<\/p>\n<p>Pos\u0142anka na Sejm RP X kadencji<\/p>\n<h2>M\u00f3j aktywizm<\/h2>\n<p>\t\t\t\t\t\t\tJestem cz\u0142onkini\u0105 Platformy Obywatelskiej i pe\u0142ni\u0119 w niej funkcj\u0119 cz\u0142onkini Zarz\u0105du Miasta Poznania PO. Koordynuj\u0119 r\u00f3wnie\u017c Grup\u0119 tematyczn\u0105 ds. ochrony \u015brodowiska.<br \/>\n\t\t\t\t\t\t\t\t\t\t\t\t\t\t<a href=\"https:\/\/platforma.org\/\">Platforma Obywatelska<\/a><br \/>\n\t\t\t\t\t\t\tEkologiczna Akademia Kobiet to spo\u0142eczno\u015b\u0107 kobieca dzia\u0142aj\u0105ca na rzecz zmian klimatu w Polsce.<br \/>\n\t\t\t\t\t\t\t\t\t\t\t\t\t\t<a href=\"http:\/\/klimatywistki.pl\/\">Ekologiczna Akademia Kobiet<\/a><br \/>\n\t\t\t\t\t\t\tJestem honorow\u0105 cz\u0142onkini\u0105 Klubu Kobiet Przedsi\u0119biorczych.<br \/>\n\t\t\t\t\t\t\t\t\t\t\t\t\t\t<a href=\"https:\/\/klubkp.pl\/\">Klub Kobiet Przedsi\u0119biorczych<\/a><br \/>\n\t\t\t\t\t\t\tJestem doradczyni\u0105 podatkow\u0105 zatem r\u00f3wnie\u017c cz\u0142onkini\u0105 Krajowej Izby Doradc\u00f3w Podatkowych.<br \/>\n\t\t\t\t\t\t\t\t\t\t\t\t\t\t<a href=\"https:\/\/kidp.pl\/\">KIDP<\/a><br \/>\n\t\t\t\t\t\t\tOd lat jestem wolontariuszk\u0105 Wielkiej Orkiestry \u015awi\u0105tecznej Pomocy.<br \/>\n\t\t\t\t\t\t\t\t\t\t\t\t\t\t<a href=\"https:\/\/www.wosp.org.pl\/\"> WO\u015aP<\/a><br \/>\n\t\t\t\t\t\t\tJestem wolontariuszk\u0105 Fundacji ratuj\u0105cych zwierz\u0119ta Funta K\u0142ak\u00f3w Warte.<br \/>\n\t\t\t\t\t\t\t\t\t\t\t\t\t\t Funta K\u0142ak\u00f3w Warte<br \/>\n\t\t\t\t\t\t\tJestem cz\u0142onkini\u0105 mi\u0119dzynarodowej spo\u0142eczno\u015bci polityczek z ca\u0142ej Europy, kt\u00f3re chc\u0105 by\u0107 cz\u0119\u015bci\u0105 polityki Unii Europejskiej. Wszystkie uko\u0144czy\u0142y\u015bmy European Woman Academy.<br \/>\n\t\t\t\t\t\t\t\t\t\t\t\t\t\t<a href=\"https:\/\/www.aldeparty.eu\/theallianceofher\"> Alliance Of Her<\/a><br \/>\n\t\t\t\t\t\t\tJestem Ambasadork\u0105 na rzecz Paktu Klimatycznego, przy Komisji Europejskiej, na mocy nadanego mi certyfikatu.<br \/>\n\t\t\t\t\t\t\t\t\t\t\t\t\t\t<a href=\"https:\/\/climate-pact.europa.eu\/index_en\">Ambasador Paktu Klimatycznego<\/a><br \/>\n\t\t\t\t\t\t\tWsp\u00f3\u0142pracuj\u0119 z Fundacj\u0105 Obywatelska Wielkopolska, realizuj\u0105c projekty zwi\u0105zane z ochron\u0105 \u015brodowiska.<br \/>\n\t\t\t\t\t\t\t\t\t\t\t\t\t\t<a href=\"https:\/\/obywatelskawielkopolska.pl\/\">Obywatelska Wielkopolska<\/a><br \/>\n\t\t\t\t\t\t\tJestem cz\u0142onkini\u0105 Panelu Biznesu w Wielkopolskiej Platformie Wodorowej, inicjatywie Marsza\u0142ka Wojew\u00f3dztwa Wielkopolskiego, maj\u0105cej propagowa\u0107 technologie wodorowe.<br \/>\n\t\t\t\t\t\t\t\t\t\t\t\t\t\t<a href=\"http:\/\/iw.org.pl\/rew_platforma\/\">Platforma Wodorowa<\/a><br \/>\n\t\t\t\t\t\t\tJestem cz\u0142onkini\u0105 spo\u0142eczno\u015bci absolwent\u00f3w European Academy of Diplomacy.<br \/>\n\t\t\t\t\t\t\t\t\t\t\t\t\t\t<a href=\"https:\/\/diplomats.pl\/\"> EAD<\/a><br \/>\n\t\t\t\t\t\t\tJestem za\u0142o\u017cycielk\u0105 Fundacji EkoPOzytywni w kt\u00f3rej dzia\u0142aj\u0105 ludzie, kt\u00f3rym ekologia jest bliska.<br \/>\n\t\t\t\t\t\t\t\t\t\t\t\t\t\t  EkoPOzytywni<\/p>\n<h3>Je\u015bli chcesz naprawia\u0107 Polsk\u0119,<br \/> je\u015bli chcesz by\u0107 cz\u0119\u015bci\u0105 prawdziwej zmiany na lepsze<\/h3>\n<h3>Zapraszam Ci\u0119 do\u0142\u0105cz do nas, g\u0142osuj, do\u0142\u0105cz do zmiany.<br \/>\n<br \/>Wsp\u00f3lnie mo\u017cemy zdzia\u0142a\u0107 wi\u0119cej, a nasze dzia\u0142ania przyczyni\u0105 si\u0119 do stworzenia lepszego \u015bwiata dla nas i przysz\u0142ych pokole\u0144.<\/h3>\n<h3>Kontakt<\/p>\n<p>Biuro Poselskie:<\/p>\n<p>ul. Zwierzyniecka 13<br \/>\n60-813 Pozna\u0144<br \/> <br \/>\ntel: 61 842 72 23<br \/>\nmail: <br \/>kontakt@katarzynakierzekkoperska.pl<\/h3>\n<style>\/*! elementor - v3.18.0 - 08-12-2023 *\/\n.elementor-widget-image{text-align:center}.elementor-widget-image a{display:inline-block}.elementor-widget-image a img[src$=\".svg\"]{width:48px}.elementor-widget-image img{vertical-align:middle;display:inline-block}<\/style>\n<p>\t\t\t\t\t\t\t\t\t\t\t\t<img decoding=\"async\" width=\"1024\" height=\"760\" src=\"https:\/\/katarzynakierzekkoperska.pl\/wp-content\/uploads\/2023\/09\/58057738_844500765885570_3207129217535836160_n-1024x760.jpg\" alt=\"\" srcset=\"https:\/\/katarzynakierzekkoperska.pl\/wp-content\/uploads\/2023\/09\/58057738_844500765885570_3207129217535836160_n-1024x760.jpg 1024w, https:\/\/katarzynakierzekkoperska.pl\/wp-content\/uploads\/2023\/09\/58057738_844500765885570_3207129217535836160_n-300x223.jpg 300w, https:\/\/katarzynakierzekkoperska.pl\/wp-content\/uploads\/2023\/09\/58057738_844500765885570_3207129217535836160_n-768x570.jpg 768w, https:\/\/katarzynakierzekkoperska.pl\/wp-content\/uploads\/2023\/09\/58057738_844500765885570_3207129217535836160_n-1536x1141.jpg 1536w, https:\/\/katarzynakierzekkoperska.pl\/wp-content\/uploads\/2023\/09\/58057738_844500765885570_3207129217535836160_n.jpg 1616w\" sizes=\"(max-width: 1024px) 100vw, 1024px\" \/><\/p>\n","protected":false},"excerpt":{"rendered":"<p>Katarzyna Kierzek Koperska Witaj w \u015bwiecie, gdzie entuzjazm, zaanga\u017cowanie i determinacja prowadz\u0105 nas ku pozytywnym zmianom. Pozw\u00f3l mi opowiedzie\u0107 Ci o sobie \u2013 Katarzynie Kierzek Koperskiej \u2013 kandydatce, fance Queen, poznaniance z wyboru oraz mi\u0142o\u015bniczce filmu &#8222;Dobry Rok&#8221;. By\u0142am r\u00f3wnie\u017c wiceprezydentk\u0105 Poznania, co tylko utwierdzi\u0142o mnie w przekonaniu, \u017ce wsp\u00f3lnie mo\u017cemy osi\u0105gn\u0105\u0107 wiele. Wbrew tym [&hellip;]<\/p>\n","protected":false},"author":1,"featured_media":0,"parent":834,"menu_order":0,"comment_status":"closed","ping_status":"closed","template":"","meta":{"footnotes":""},"class_list":["post-59","page","type-page","status-publish","hentry"],"_links":{"self":[{"href":"https:\/\/katarzynakierzekkoperska.pl\/index.php?rest_route=\/wp\/v2\/pages\/59","targetHints":{"allow":["GET"]}}],"collection":[{"href":"https:\/\/katarzynakierzekkoperska.pl\/index.php?rest_route=\/wp\/v2\/pages"}],"about":[{"href":"https:\/\/katarzynakierzekkoperska.pl\/index.php?rest_route=\/wp\/v2\/types\/page"}],"author":[{"embeddable":true,"href":"https:\/\/katarzynakierzekkoperska.pl\/index.php?rest_route=\/wp\/v2\/users\/1"}],"replies":[{"embeddable":true,"href":"https:\/\/katarzynakierzekkoperska.pl\/index.php?rest_route=%2Fwp%2Fv2%2Fcomments&post=59"}],"version-history":[{"count":276,"href":"https:\/\/katarzynakierzekkoperska.pl\/index.php?rest_route=\/wp\/v2\/pages\/59\/revisions"}],"predecessor-version":[{"id":882,"href":"https:\/\/katarzynakierzekkoperska.pl\/index.php?rest_route=\/wp\/v2\/pages\/59\/revisions\/882"}],"up":[{"embeddable":true,"href":"https:\/\/katarzynakierzekkoperska.pl\/index.php?rest_route=\/wp\/v2\/pages\/834"}],"wp:attachment":[{"href":"https:\/\/katarzynakierzekkoperska.pl\/index.php?rest_route=%2Fwp%2Fv2%2Fmedia&parent=59"}],"curies":[{"name":"wp","href":"https:\/\/api.w.org\/{rel}","templated":true}]}}